{"id":481,"date":"2025-07-29T10:58:08","date_gmt":"2025-07-29T13:58:08","guid":{"rendered":"https:\/\/staffeventos.com.br\/corporativo\/?page_id=481"},"modified":"2025-07-29T11:33:18","modified_gmt":"2025-07-29T14:33:18","slug":"casamentos-e-mini-weddings","status":"publish","type":"page","link":"https:\/\/staffeventos.com.br\/corporativo\/casamentos-e-mini-weddings\/","title":{"rendered":"Casamentos e Mini Weddings"},"content":{"rendered":"<p>A STAFF EVENTOS possui vasta experi\u00eancia na produ\u00e7\u00e3o de <strong>casamentos<\/strong> e <strong>mini weddings<\/strong>, contando com <strong>chef renomado<\/strong> e <strong>top waiters<\/strong> altamente qualificados para garantir um evento <strong>impec\u00e1vel<\/strong> em cada detalhe. Nossa equipe especializada trabalha com excel\u00eancia para atender noivos e cerimonialistas, proporcionando momentos \u00fanicos e personalizados, principalmente nas regi\u00f5es da Zona Sul e Barra da Tijuca e Tijuca, alem de outras cidades. Com profissionalismo e dedica\u00e7\u00e3o, transformamos sonhos em realidade, assegurando que tudo seja perfeito do in\u00edcio ao fim.<\/p>\n<div class=\"su-image-carousel  su-image-carousel-has-spacing su-image-carousel-crop su-image-carousel-crop-4-3 su-image-carousel-has-lightbox su-image-carousel-has-outline su-image-carousel-adaptive su-image-carousel-slides-style-default su-image-carousel-controls-style-dark su-image-carousel-align-none\" style=\"\" data-flickity-options='{\"groupCells\":true,\"cellSelector\":\".su-image-carousel-item\",\"adaptiveHeight\":false,\"cellAlign\":\"left\",\"prevNextButtons\":true,\"pageDots\":false,\"autoPlay\":5000,\"imagesLoaded\":true,\"contain\":true,\"selectedAttraction\":0.025000000000000001387778780781445675529539585113525390625,\"friction\":0.2800000000000000266453525910037569701671600341796875}' id=\"su_image_carousel_69e6594f57eab\"><div class=\"su-image-carousel-item\"><div class=\"su-image-carousel-item-content\"><a href=\"https:\/\/staffeventos.com.br\/corporativo\/wp-content\/uploads\/2025\/07\/casamentos0.png\" target=\"_blank\" rel=\"noopener noreferrer\" data-caption=\"Evento Casamento\"><img loading=\"lazy\" decoding=\"async\" width=\"715\" height=\"891\" src=\"https:\/\/staffeventos.com.br\/corporativo\/wp-content\/uploads\/2025\/07\/casamentos0.png\" class=\"\" alt=\"Casamento\" srcset=\"https:\/\/staffeventos.com.br\/corporativo\/wp-content\/uploads\/2025\/07\/casamentos0.png 715w, https:\/\/staffeventos.com.br\/corporativo\/wp-content\/uploads\/2025\/07\/casamentos0-241x300.png 241w\" sizes=\"auto, (max-width: 715px) 100vw, 715px\" \/><span>Evento Casamento<\/span><\/a><\/div><\/div><div class=\"su-image-carousel-item\"><div class=\"su-image-carousel-item-content\"><a href=\"https:\/\/staffeventos.com.br\/corporativo\/wp-content\/uploads\/2025\/07\/casamentos7.png\" target=\"_blank\" rel=\"noopener noreferrer\" data-caption=\"Evento Casamento\"><img loading=\"lazy\" decoding=\"async\" width=\"899\" height=\"907\" src=\"https:\/\/staffeventos.com.br\/corporativo\/wp-content\/uploads\/2025\/07\/casamentos7.png\" class=\"\" alt=\"Empresa de festa de casamento no RJ\" srcset=\"https:\/\/staffeventos.com.br\/corporativo\/wp-content\/uploads\/2025\/07\/casamentos7.png 899w, https:\/\/staffeventos.com.br\/corporativo\/wp-content\/uploads\/2025\/07\/casamentos7-297x300.png 297w, https:\/\/staffeventos.com.br\/corporativo\/wp-content\/uploads\/2025\/07\/casamentos7-150x150.png 150w, https:\/\/staffeventos.com.br\/corporativo\/wp-content\/uploads\/2025\/07\/casamentos7-768x775.png 768w\" sizes=\"auto, (max-width: 899px) 100vw, 899px\" \/><span>Evento Casamento<\/span><\/a><\/div><\/div><div class=\"su-image-carousel-item\"><div class=\"su-image-carousel-item-content\"><a href=\"https:\/\/staffeventos.com.br\/corporativo\/wp-content\/uploads\/2025\/07\/casamentos9.png\" target=\"_blank\" rel=\"noopener noreferrer\" data-caption=\"Evento Casamento\"><img loading=\"lazy\" decoding=\"async\" width=\"899\" height=\"907\" src=\"https:\/\/staffeventos.com.br\/corporativo\/wp-content\/uploads\/2025\/07\/casamentos9.png\" class=\"\" alt=\"Empresa de festa de casamento no RJ\" srcset=\"https:\/\/staffeventos.com.br\/corporativo\/wp-content\/uploads\/2025\/07\/casamentos9.png 899w, https:\/\/staffeventos.com.br\/corporativo\/wp-content\/uploads\/2025\/07\/casamentos9-297x300.png 297w, https:\/\/staffeventos.com.br\/corporativo\/wp-content\/uploads\/2025\/07\/casamentos9-150x150.png 150w, https:\/\/staffeventos.com.br\/corporativo\/wp-content\/uploads\/2025\/07\/casamentos9-768x775.png 768w\" sizes=\"auto, (max-width: 899px) 100vw, 899px\" \/><span>Evento Casamento<\/span><\/a><\/div><\/div><div class=\"su-image-carousel-item\"><div class=\"su-image-carousel-item-content\"><a href=\"https:\/\/staffeventos.com.br\/corporativo\/wp-content\/uploads\/2025\/07\/casamentos132.png\" target=\"_blank\" rel=\"noopener noreferrer\" data-caption=\"Evento Casamento\"><img loading=\"lazy\" decoding=\"async\" width=\"715\" height=\"891\" src=\"https:\/\/staffeventos.com.br\/corporativo\/wp-content\/uploads\/2025\/07\/casamentos132.png\" class=\"\" alt=\"Empresa de festa de casamento no RJ\" srcset=\"https:\/\/staffeventos.com.br\/corporativo\/wp-content\/uploads\/2025\/07\/casamentos132.png 715w, https:\/\/staffeventos.com.br\/corporativo\/wp-content\/uploads\/2025\/07\/casamentos132-241x300.png 241w\" sizes=\"auto, (max-width: 715px) 100vw, 715px\" \/><span>Evento Casamento<\/span><\/a><\/div><\/div><div class=\"su-image-carousel-item\"><div class=\"su-image-carousel-item-content\"><a href=\"https:\/\/staffeventos.com.br\/corporativo\/wp-content\/uploads\/2025\/07\/casamentos135.png\" target=\"_blank\" rel=\"noopener noreferrer\" data-caption=\"Evento Casamento\"><img loading=\"lazy\" decoding=\"async\" width=\"715\" height=\"891\" src=\"https:\/\/staffeventos.com.br\/corporativo\/wp-content\/uploads\/2025\/07\/casamentos135.png\" class=\"\" alt=\"Empresa de festa de casamento no RJ\" srcset=\"https:\/\/staffeventos.com.br\/corporativo\/wp-content\/uploads\/2025\/07\/casamentos135.png 715w, https:\/\/staffeventos.com.br\/corporativo\/wp-content\/uploads\/2025\/07\/casamentos135-241x300.png 241w\" sizes=\"auto, (max-width: 715px) 100vw, 715px\" \/><span>Evento Casamento<\/span><\/a><\/div><\/div><div class=\"su-image-carousel-item\"><div class=\"su-image-carousel-item-content\"><a href=\"https:\/\/staffeventos.com.br\/corporativo\/wp-content\/uploads\/2025\/07\/casamentos13.png\" target=\"_blank\" rel=\"noopener noreferrer\" data-caption=\"Evento Casamento\"><img loading=\"lazy\" decoding=\"async\" width=\"715\" height=\"891\" src=\"https:\/\/staffeventos.com.br\/corporativo\/wp-content\/uploads\/2025\/07\/casamentos13.png\" class=\"\" alt=\"Empresa de festa de casamento no RJ\" srcset=\"https:\/\/staffeventos.com.br\/corporativo\/wp-content\/uploads\/2025\/07\/casamentos13.png 715w, https:\/\/staffeventos.com.br\/corporativo\/wp-content\/uploads\/2025\/07\/casamentos13-241x300.png 241w\" sizes=\"auto, (max-width: 715px) 100vw, 715px\" \/><span>Evento Casamento<\/span><\/a><\/div><\/div><div class=\"su-image-carousel-item\"><div class=\"su-image-carousel-item-content\"><a href=\"https:\/\/staffeventos.com.br\/corporativo\/wp-content\/uploads\/2025\/07\/casamentos12.png\" target=\"_blank\" rel=\"noopener noreferrer\" data-caption=\"Evento Casamento\"><img loading=\"lazy\" decoding=\"async\" width=\"715\" height=\"891\" src=\"https:\/\/staffeventos.com.br\/corporativo\/wp-content\/uploads\/2025\/07\/casamentos12.png\" class=\"\" alt=\"Empresa de festa de casamento no RJ\" srcset=\"https:\/\/staffeventos.com.br\/corporativo\/wp-content\/uploads\/2025\/07\/casamentos12.png 715w, https:\/\/staffeventos.com.br\/corporativo\/wp-content\/uploads\/2025\/07\/casamentos12-241x300.png 241w\" sizes=\"auto, (max-width: 715px) 100vw, 715px\" \/><span>Evento Casamento<\/span><\/a><\/div><\/div><div class=\"su-image-carousel-item\"><div class=\"su-image-carousel-item-content\"><a href=\"https:\/\/staffeventos.com.br\/corporativo\/wp-content\/uploads\/2025\/07\/casamentos10.png\" target=\"_blank\" rel=\"noopener noreferrer\" data-caption=\"Evento Casamento\"><img loading=\"lazy\" decoding=\"async\" width=\"715\" height=\"891\" src=\"https:\/\/staffeventos.com.br\/corporativo\/wp-content\/uploads\/2025\/07\/casamentos10.png\" class=\"\" alt=\"Empresa de festa de casamento no RJ\" srcset=\"https:\/\/staffeventos.com.br\/corporativo\/wp-content\/uploads\/2025\/07\/casamentos10.png 715w, https:\/\/staffeventos.com.br\/corporativo\/wp-content\/uploads\/2025\/07\/casamentos10-241x300.png 241w\" sizes=\"auto, (max-width: 715px) 100vw, 715px\" \/><span>Evento Casamento<\/span><\/a><\/div><\/div><div class=\"su-image-carousel-item\"><div class=\"su-image-carousel-item-content\"><a href=\"https:\/\/staffeventos.com.br\/corporativo\/wp-content\/uploads\/2025\/07\/casamentos6.png\" target=\"_blank\" rel=\"noopener noreferrer\" data-caption=\"Evento Casamento\"><img loading=\"lazy\" decoding=\"async\" width=\"899\" height=\"907\" src=\"https:\/\/staffeventos.com.br\/corporativo\/wp-content\/uploads\/2025\/07\/casamentos6.png\" class=\"\" alt=\"Empresa de festa de casamento no RJ\" srcset=\"https:\/\/staffeventos.com.br\/corporativo\/wp-content\/uploads\/2025\/07\/casamentos6.png 899w, https:\/\/staffeventos.com.br\/corporativo\/wp-content\/uploads\/2025\/07\/casamentos6-297x300.png 297w, https:\/\/staffeventos.com.br\/corporativo\/wp-content\/uploads\/2025\/07\/casamentos6-150x150.png 150w, https:\/\/staffeventos.com.br\/corporativo\/wp-content\/uploads\/2025\/07\/casamentos6-768x775.png 768w\" sizes=\"auto, (max-width: 899px) 100vw, 899px\" \/><span>Evento Casamento<\/span><\/a><\/div><\/div><div class=\"su-image-carousel-item\"><div class=\"su-image-carousel-item-content\"><a href=\"https:\/\/staffeventos.com.br\/corporativo\/wp-content\/uploads\/2025\/07\/casamentos3.png\" target=\"_blank\" rel=\"noopener noreferrer\" data-caption=\"Evento Casamento\"><img loading=\"lazy\" decoding=\"async\" width=\"899\" height=\"907\" src=\"https:\/\/staffeventos.com.br\/corporativo\/wp-content\/uploads\/2025\/07\/casamentos3.png\" class=\"\" alt=\"Empresa de festa de casamento no RJ\" srcset=\"https:\/\/staffeventos.com.br\/corporativo\/wp-content\/uploads\/2025\/07\/casamentos3.png 899w, https:\/\/staffeventos.com.br\/corporativo\/wp-content\/uploads\/2025\/07\/casamentos3-297x300.png 297w, https:\/\/staffeventos.com.br\/corporativo\/wp-content\/uploads\/2025\/07\/casamentos3-150x150.png 150w, https:\/\/staffeventos.com.br\/corporativo\/wp-content\/uploads\/2025\/07\/casamentos3-768x775.png 768w\" sizes=\"auto, (max-width: 899px) 100vw, 899px\" \/><span>Evento Casamento<\/span><\/a><\/div><\/div><\/div><script id=\"su_image_carousel_69e6594f57eab_script\">if(window.SUImageCarousel){setTimeout(function() {window.SUImageCarousel.initGallery(document.getElementById(\"su_image_carousel_69e6594f57eab\"))}, 0);}var su_image_carousel_69e6594f57eab_script=document.getElementById(\"su_image_carousel_69e6594f57eab_script\");if(su_image_carousel_69e6594f57eab_script){su_image_carousel_69e6594f57eab_script.parentNode.removeChild(su_image_carousel_69e6594f57eab_script);}<\/script>\n","protected":false},"excerpt":{"rendered":"<p>A STAFF EVENTOS possui vasta experi\u00eancia na produ\u00e7\u00e3o de casamentos e mini weddings, contando com chef renomado e top waiters altamente qualificados para garantir um evento impec\u00e1vel em cada detalhe. Nossa equipe especializada trabalha com excel\u00eancia para atender noivos e cerimonialistas, proporcionando momentos \u00fanicos e personalizados, principalmente nas regi\u00f5es da Zona Sul e Barra da Tijuca e Tijuca, alem de outras cidades. Com profissionalismo e dedica\u00e7\u00e3o, transformamos sonhos em realidade, assegurando que tudo seja perfeito do in\u00edcio ao fim.<\/p>\n","protected":false},"author":1,"featured_media":0,"parent":0,"menu_order":0,"comment_status":"closed","ping_status":"closed","template":"","meta":{"footnotes":"","_links_to":"","_links_to_target":""},"class_list":["post-481","page","type-page","status-publish","hentry"],"_links":{"self":[{"href":"https:\/\/staffeventos.com.br\/corporativo\/wp-json\/wp\/v2\/pages\/481","targetHints":{"allow":["GET"]}}],"collection":[{"href":"https:\/\/staffeventos.com.br\/corporativo\/wp-json\/wp\/v2\/pages"}],"about":[{"href":"https:\/\/staffeventos.com.br\/corporativo\/wp-json\/wp\/v2\/types\/page"}],"author":[{"embeddable":true,"href":"https:\/\/staffeventos.com.br\/corporativo\/wp-json\/wp\/v2\/users\/1"}],"replies":[{"embeddable":true,"href":"https:\/\/staffeventos.com.br\/corporativo\/wp-json\/wp\/v2\/comments?post=481"}],"version-history":[{"count":3,"href":"https:\/\/staffeventos.com.br\/corporativo\/wp-json\/wp\/v2\/pages\/481\/revisions"}],"predecessor-version":[{"id":496,"href":"https:\/\/staffeventos.com.br\/corporativo\/wp-json\/wp\/v2\/pages\/481\/revisions\/496"}],"wp:attachment":[{"href":"https:\/\/staffeventos.com.br\/corporativo\/wp-json\/wp\/v2\/media?parent=481"}],"curies":[{"name":"wp","href":"https:\/\/api.w.org\/{rel}","templated":true}]}}